{"id":3615,"date":"2023-06-13T11:50:31","date_gmt":"2023-06-13T11:50:31","guid":{"rendered":"https:\/\/www.brainsfirst.com\/?page_id=3615"},"modified":"2025-11-17T10:22:30","modified_gmt":"2025-11-17T10:22:30","slug":"van-games-naar-resultaten","status":"publish","type":"page","link":"https:\/\/certifications.brainsfirst.com\/nl\/kandidaten-qr-pagina\/van-games-naar-resultaten\/","title":{"rendered":"Van games naar resultaten"},"content":{"rendered":"<div class=\"wpb-content-wrapper\"><p>[vc_row css=&#8221;.vc_custom_1714467940943{margin-top: -80px !important;}&#8221;][vc_column][vc_column_text]<\/p>\n<h2>Wat de games meten<\/h2>\n<div class=\"accordion\">\n<div class=\"accordion-card\">\n<div class=\"accordion-title\"><\/div>\n<\/div>\n<\/div>\n<p>[\/vc_column_text][vc_row_inner][vc_column_inner width=&#8221;3\/5&#8243;][vc_toggle title=&#8221;Game 1: Collect&#8221; style=&#8221;arrow&#8221; color=&#8221;peacoc&#8221;]In de eerste game van de NeurOlympics richten we ons op het meten van het werkgeheugen en aanverwante vaardigheden zoals groeperen, updaten, onverstoorbaarheid en filteren. Deze game is gebaseerd op bevindingen uit verschillende onderzoeken, waardoor het effectief is in het beoordelen van cognitieve vaardigheden.[\/vc_toggle][vc_toggle title=&#8221;Game 2: Activate&#8221; style=&#8221;arrow&#8221; color=&#8221;peacoc&#8221;]De game &#8220;Activate&#8221; is speciaal ontworpen om anticipatie, ruimtelijk inzicht en stressbestendigheid te meten. Het is speciaal ontwikkeld met de belangrijkste nadruk op het voorspellen van sportprestaties, waardoor het een waardevolle tool is voor zowel sporters als coaches.[\/vc_toggle][vc_toggle title=&#8221;Game 3: Connect&#8221; style=&#8221;arrow&#8221; color=&#8221;peacoc&#8221;]De derde game in de NeurOlympics heet &#8220;Connect&#8221;. Het heeft als doel controle te beoordelen door reactietijd, inhibitie en mentale flexibiliteit te meten. Deze game is ontwikkeld op basis van inzichten uit verschillende onderzoeken en biedt een betrouwbare beoordeling van deze belangrijke cognitieve vaardigheden.[\/vc_toggle][vc_toggle title=&#8221;Game 4: Synchronize&#8221; style=&#8221;arrow&#8221; color=&#8221;peacoc&#8221;]De vierde en laatste game in de NeurOlympics evalueert meerdere aspecten van aandacht, waaronder complexe reactietijd, aandachtsspanne, aandachtsverschuiving en precieze informatieverwerking. Deze game rust op de basisprincipes van de Attention Network Task (ANT) en is gebaseerd op meer dan 80 onderzoeken om de nauwkeurigheid en validiteit te garanderen.[\/vc_toggle][\/vc_column_inner][vc_column_inner width=&#8221;2\/5&#8243;][vc_single_image image=&#8221;2655&#8243; img_size=&#8221;full&#8221; alignment=&#8221;center&#8221;][\/vc_column_inner][\/vc_row_inner][\/vc_column][\/vc_row][vc_row css=&#8221;.vc_custom_1714467971510{margin-top: 20px !important;}&#8221;][vc_column][vc_column_text]<\/p>\n<h2 style=\"text-align: center;\">Van games naar Brein Profiel<\/h2>\n<p style=\"text-align: left;\"><strong>De games<\/strong> worden gebruikt voor een meting van je cognitieve vermogen, een fundamenteel onderdeel in verschillende gebieden van het leven, inclusief je professionele carri\u00e8re. Ze beoordelen specifieke aspecten van executieve functies, die je in staat stellen om je gedrag te controleren in alledaagse situaties. De NeurOlympics maakt gebruik van een gamified aanpak om deze functies te meten en waardevolle inzichten te geven in hoe jouw brein werkt. Aangezien cognitieve vermogens over het algemeen vrij stabiele eigenschappen zijn, weerspiegelt jouw prestatie in de games, inclusief je reacties en reactietijd, het algemene functioneren van jouw brein, zelfs in werkgerelateerde contexten.<\/p>\n<p style=\"text-align: left;\"><strong>Het Brein Profiel<\/strong> draait om zes stappen in de Gedragscyclus en de bijbehorende Natuurlijke Breinvoorkeuren die jij hebt voor elk van deze stappen. Hoewel de NeurOlympics executieve functies meet die de basis vormen van deze Breinvoorkeuren, is er geen directe \u00e9\u00e9n-op-\u00e9\u00e9n-relatie tussen deze twee. In plaats daarvan vertalen executieve functies zich op unieke wijze naar de manier waarop jouw brein werkt en be\u00efnvloeden ze jouw vaardigheid hierin. Door je bewust te worden van je sterke en zwakke punten op het gebied van executieve functies, kun je beter begrijpen hoe jouw werkstijl in elkaar steekt.<\/p>\n<p style=\"text-align: left;\">Net zoals elk brein uniek is, geldt dat ook voor elke baan. Door te begrijpen hoe jouw brein functioneert, kan BrainsFirst je helpen een baan te vinden die aansluit bij jouw unieke manier van werken. Deze afstemming zorgt voor een goede match tussen jouw cognitieve vermogens en wat de vereisten voor de baan. Hierdoor kun je meer tevredenheid en succes ervaren in jouw loopbaan.<\/p>\n<p style=\"text-align: center;\"><b><\/b><img fetchpriority=\"high\" decoding=\"async\" class=\"alignnone wp-image-1024 size-large\" src=\"https:\/\/www.brainsfirst.com\/wp-content\/uploads\/2022\/12\/Laptop-Mockup-2-1024x683.jpg\" alt=\"\" width=\"1024\" height=\"683\" srcset=\"https:\/\/certifications.brainsfirst.com\/wp-content\/uploads\/2022\/12\/Laptop-Mockup-2-1024x683.jpg 1024w, https:\/\/certifications.brainsfirst.com\/wp-content\/uploads\/2022\/12\/Laptop-Mockup-2-scaled-600x400.jpg 600w, https:\/\/certifications.brainsfirst.com\/wp-content\/uploads\/2022\/12\/Laptop-Mockup-2-300x200.jpg 300w, https:\/\/certifications.brainsfirst.com\/wp-content\/uploads\/2022\/12\/Laptop-Mockup-2-768x512.jpg 768w, https:\/\/certifications.brainsfirst.com\/wp-content\/uploads\/2022\/12\/Laptop-Mockup-2-1536x1024.jpg 1536w, https:\/\/certifications.brainsfirst.com\/wp-content\/uploads\/2022\/12\/Laptop-Mockup-2-2048x1365.jpg 2048w\" sizes=\"(max-width: 1024px) 100vw, 1024px\" \/><\/p>\n<p>[\/vc_column_text][\/vc_column][\/vc_row]<\/p>\n<\/div>","protected":false},"excerpt":{"rendered":"<p>[vc_row css=&#8221;.vc_custom_1714467940943{margin-top: -80px !important;}&#8221;][vc_column][vc_column_text] Wat de games meten [\/vc_column_text][vc_row_inner][vc_column_inner width=&#8221;3\/5&#8243;][vc_toggle title=&#8221;Game 1: Collect&#8221; style=&#8221;arrow&#8221; color=&#8221;peacoc&#8221;]In de eerste game van de NeurOlympics richten we ons op het meten van het werkgeheugen en aanverwante vaardigheden zoals groeperen, updaten, onverstoorbaarheid en filteren. Deze game is gebaseerd op bevindingen uit verschillende onderzoeken, waardoor het effectief is in het beoordelen [&hellip;]<\/p>\n","protected":false},"author":8,"featured_media":0,"parent":3396,"menu_order":0,"comment_status":"closed","ping_status":"closed","template":"","meta":{"content-type":"","footnotes":""},"acf":[],"yoast_head":"<!-- This site is optimized with the Yoast SEO plugin v22.6 - https:\/\/yoast.com\/wordpress\/plugins\/seo\/ -->\n<title>Van games naar resultaten - BrainsFirst<\/title>\n<meta name=\"robots\" content=\"index, follow, max-snippet:-1, max-image-preview:large, max-video-preview:-1\" \/>\n<link rel=\"canonical\" href=\"https:\/\/certifications.brainsfirst.com\/nl\/kandidaten-qr-pagina\/van-games-naar-resultaten\/\" \/>\n<meta property=\"og:locale\" content=\"nl_NL\" \/>\n<meta property=\"og:type\" content=\"article\" \/>\n<meta property=\"og:title\" content=\"Van games naar resultaten - BrainsFirst\" \/>\n<meta property=\"og:description\" content=\"[vc_row css=&#8221;.vc_custom_1714467940943{margin-top: -80px !important;}&#8221;][vc_column][vc_column_text] Wat de games meten [\/vc_column_text][vc_row_inner][vc_column_inner width=&#8221;3\/5&#8243;][vc_toggle title=&#8221;Game 1: Collect&#8221; style=&#8221;arrow&#8221; color=&#8221;peacoc&#8221;]In de eerste game van de NeurOlympics richten we ons op het meten van het werkgeheugen en aanverwante vaardigheden zoals groeperen, updaten, onverstoorbaarheid en filteren. Deze game is gebaseerd op bevindingen uit verschillende onderzoeken, waardoor het effectief is in het beoordelen [&hellip;]\" \/>\n<meta property=\"og:url\" content=\"https:\/\/certifications.brainsfirst.com\/nl\/kandidaten-qr-pagina\/van-games-naar-resultaten\/\" \/>\n<meta property=\"og:site_name\" content=\"BrainsFirst\" \/>\n<meta property=\"article:modified_time\" content=\"2025-11-17T10:22:30+00:00\" \/>\n<meta property=\"og:image\" content=\"https:\/\/www.brainsfirst.com\/wp-content\/uploads\/2022\/12\/Laptop-Mockup-2-1024x683.jpg\" \/>\n<meta name=\"twitter:card\" content=\"summary_large_image\" \/>\n<meta name=\"twitter:label1\" content=\"Geschatte leestijd\" \/>\n\t<meta name=\"twitter:data1\" content=\"3 minuten\" \/>\n<script type=\"application\/ld+json\" class=\"yoast-schema-graph\">{\"@context\":\"https:\/\/schema.org\",\"@graph\":[{\"@type\":\"WebPage\",\"@id\":\"https:\/\/certifications.brainsfirst.com\/nl\/kandidaten-qr-pagina\/van-games-naar-resultaten\/\",\"url\":\"https:\/\/certifications.brainsfirst.com\/nl\/kandidaten-qr-pagina\/van-games-naar-resultaten\/\",\"name\":\"Van games naar resultaten - BrainsFirst\",\"isPartOf\":{\"@id\":\"https:\/\/certifications.brainsfirst.com\/nl\/#website\"},\"primaryImageOfPage\":{\"@id\":\"https:\/\/certifications.brainsfirst.com\/nl\/kandidaten-qr-pagina\/van-games-naar-resultaten\/#primaryimage\"},\"image\":{\"@id\":\"https:\/\/certifications.brainsfirst.com\/nl\/kandidaten-qr-pagina\/van-games-naar-resultaten\/#primaryimage\"},\"thumbnailUrl\":\"https:\/\/www.brainsfirst.com\/wp-content\/uploads\/2022\/12\/Laptop-Mockup-2-1024x683.jpg\",\"datePublished\":\"2023-06-13T11:50:31+00:00\",\"dateModified\":\"2025-11-17T10:22:30+00:00\",\"breadcrumb\":{\"@id\":\"https:\/\/certifications.brainsfirst.com\/nl\/kandidaten-qr-pagina\/van-games-naar-resultaten\/#breadcrumb\"},\"inLanguage\":\"nl-NL\",\"potentialAction\":[{\"@type\":\"ReadAction\",\"target\":[\"https:\/\/certifications.brainsfirst.com\/nl\/kandidaten-qr-pagina\/van-games-naar-resultaten\/\"]}]},{\"@type\":\"ImageObject\",\"inLanguage\":\"nl-NL\",\"@id\":\"https:\/\/certifications.brainsfirst.com\/nl\/kandidaten-qr-pagina\/van-games-naar-resultaten\/#primaryimage\",\"url\":\"https:\/\/www.brainsfirst.com\/wp-content\/uploads\/2022\/12\/Laptop-Mockup-2-1024x683.jpg\",\"contentUrl\":\"https:\/\/www.brainsfirst.com\/wp-content\/uploads\/2022\/12\/Laptop-Mockup-2-1024x683.jpg\"},{\"@type\":\"BreadcrumbList\",\"@id\":\"https:\/\/certifications.brainsfirst.com\/nl\/kandidaten-qr-pagina\/van-games-naar-resultaten\/#breadcrumb\",\"itemListElement\":[{\"@type\":\"ListItem\",\"position\":1,\"name\":\"Home\",\"item\":\"https:\/\/certifications.brainsfirst.com\/nl\/\"},{\"@type\":\"ListItem\",\"position\":2,\"name\":\"Kandidaten QR pagina\",\"item\":\"https:\/\/certifications.brainsfirst.com\/nl\/kandidaten-qr-pagina\/\"},{\"@type\":\"ListItem\",\"position\":3,\"name\":\"Van games naar resultaten\"}]},{\"@type\":\"WebSite\",\"@id\":\"https:\/\/certifications.brainsfirst.com\/nl\/#website\",\"url\":\"https:\/\/certifications.brainsfirst.com\/nl\/\",\"name\":\"BrainsFirst\",\"description\":\"\",\"potentialAction\":[{\"@type\":\"SearchAction\",\"target\":{\"@type\":\"EntryPoint\",\"urlTemplate\":\"https:\/\/certifications.brainsfirst.com\/nl\/?s={search_term_string}\"},\"query-input\":\"required name=search_term_string\"}],\"inLanguage\":\"nl-NL\"}]}<\/script>\n<!-- \/ Yoast SEO plugin. -->","yoast_head_json":{"title":"Van games naar resultaten - BrainsFirst","robots":{"index":"index","follow":"follow","max-snippet":"max-snippet:-1","max-image-preview":"max-image-preview:large","max-video-preview":"max-video-preview:-1"},"canonical":"https:\/\/certifications.brainsfirst.com\/nl\/kandidaten-qr-pagina\/van-games-naar-resultaten\/","og_locale":"nl_NL","og_type":"article","og_title":"Van games naar resultaten - BrainsFirst","og_description":"[vc_row css=&#8221;.vc_custom_1714467940943{margin-top: -80px !important;}&#8221;][vc_column][vc_column_text] Wat de games meten [\/vc_column_text][vc_row_inner][vc_column_inner width=&#8221;3\/5&#8243;][vc_toggle title=&#8221;Game 1: Collect&#8221; style=&#8221;arrow&#8221; color=&#8221;peacoc&#8221;]In de eerste game van de NeurOlympics richten we ons op het meten van het werkgeheugen en aanverwante vaardigheden zoals groeperen, updaten, onverstoorbaarheid en filteren. Deze game is gebaseerd op bevindingen uit verschillende onderzoeken, waardoor het effectief is in het beoordelen [&hellip;]","og_url":"https:\/\/certifications.brainsfirst.com\/nl\/kandidaten-qr-pagina\/van-games-naar-resultaten\/","og_site_name":"BrainsFirst","article_modified_time":"2025-11-17T10:22:30+00:00","og_image":[{"url":"https:\/\/www.brainsfirst.com\/wp-content\/uploads\/2022\/12\/Laptop-Mockup-2-1024x683.jpg"}],"twitter_card":"summary_large_image","twitter_misc":{"Geschatte leestijd":"3 minuten"},"schema":{"@context":"https:\/\/schema.org","@graph":[{"@type":"WebPage","@id":"https:\/\/certifications.brainsfirst.com\/nl\/kandidaten-qr-pagina\/van-games-naar-resultaten\/","url":"https:\/\/certifications.brainsfirst.com\/nl\/kandidaten-qr-pagina\/van-games-naar-resultaten\/","name":"Van games naar resultaten - BrainsFirst","isPartOf":{"@id":"https:\/\/certifications.brainsfirst.com\/nl\/#website"},"primaryImageOfPage":{"@id":"https:\/\/certifications.brainsfirst.com\/nl\/kandidaten-qr-pagina\/van-games-naar-resultaten\/#primaryimage"},"image":{"@id":"https:\/\/certifications.brainsfirst.com\/nl\/kandidaten-qr-pagina\/van-games-naar-resultaten\/#primaryimage"},"thumbnailUrl":"https:\/\/www.brainsfirst.com\/wp-content\/uploads\/2022\/12\/Laptop-Mockup-2-1024x683.jpg","datePublished":"2023-06-13T11:50:31+00:00","dateModified":"2025-11-17T10:22:30+00:00","breadcrumb":{"@id":"https:\/\/certifications.brainsfirst.com\/nl\/kandidaten-qr-pagina\/van-games-naar-resultaten\/#breadcrumb"},"inLanguage":"nl-NL","potentialAction":[{"@type":"ReadAction","target":["https:\/\/certifications.brainsfirst.com\/nl\/kandidaten-qr-pagina\/van-games-naar-resultaten\/"]}]},{"@type":"ImageObject","inLanguage":"nl-NL","@id":"https:\/\/certifications.brainsfirst.com\/nl\/kandidaten-qr-pagina\/van-games-naar-resultaten\/#primaryimage","url":"https:\/\/www.brainsfirst.com\/wp-content\/uploads\/2022\/12\/Laptop-Mockup-2-1024x683.jpg","contentUrl":"https:\/\/www.brainsfirst.com\/wp-content\/uploads\/2022\/12\/Laptop-Mockup-2-1024x683.jpg"},{"@type":"BreadcrumbList","@id":"https:\/\/certifications.brainsfirst.com\/nl\/kandidaten-qr-pagina\/van-games-naar-resultaten\/#breadcrumb","itemListElement":[{"@type":"ListItem","position":1,"name":"Home","item":"https:\/\/certifications.brainsfirst.com\/nl\/"},{"@type":"ListItem","position":2,"name":"Kandidaten QR pagina","item":"https:\/\/certifications.brainsfirst.com\/nl\/kandidaten-qr-pagina\/"},{"@type":"ListItem","position":3,"name":"Van games naar resultaten"}]},{"@type":"WebSite","@id":"https:\/\/certifications.brainsfirst.com\/nl\/#website","url":"https:\/\/certifications.brainsfirst.com\/nl\/","name":"BrainsFirst","description":"","potentialAction":[{"@type":"SearchAction","target":{"@type":"EntryPoint","urlTemplate":"https:\/\/certifications.brainsfirst.com\/nl\/?s={search_term_string}"},"query-input":"required name=search_term_string"}],"inLanguage":"nl-NL"}]}},"_links":{"self":[{"href":"https:\/\/certifications.brainsfirst.com\/nl\/wp-json\/wp\/v2\/pages\/3615"}],"collection":[{"href":"https:\/\/certifications.brainsfirst.com\/nl\/wp-json\/wp\/v2\/pages"}],"about":[{"href":"https:\/\/certifications.brainsfirst.com\/nl\/wp-json\/wp\/v2\/types\/page"}],"author":[{"embeddable":true,"href":"https:\/\/certifications.brainsfirst.com\/nl\/wp-json\/wp\/v2\/users\/8"}],"replies":[{"embeddable":true,"href":"https:\/\/certifications.brainsfirst.com\/nl\/wp-json\/wp\/v2\/comments?post=3615"}],"version-history":[{"count":7,"href":"https:\/\/certifications.brainsfirst.com\/nl\/wp-json\/wp\/v2\/pages\/3615\/revisions"}],"predecessor-version":[{"id":7475,"href":"https:\/\/certifications.brainsfirst.com\/nl\/wp-json\/wp\/v2\/pages\/3615\/revisions\/7475"}],"up":[{"embeddable":true,"href":"https:\/\/certifications.brainsfirst.com\/nl\/wp-json\/wp\/v2\/pages\/3396"}],"wp:attachment":[{"href":"https:\/\/certifications.brainsfirst.com\/nl\/wp-json\/wp\/v2\/media?parent=3615"}],"curies":[{"name":"wp","href":"https:\/\/api.w.org\/{rel}","templated":true}]}}