{"id":3669,"date":"2023-05-11T12:32:11","date_gmt":"2023-05-11T12:32:11","guid":{"rendered":"https:\/\/www.brainsfirst.com\/?page_id=3669"},"modified":"2024-11-11T18:33:48","modified_gmt":"2024-11-11T18:33:48","slug":"de-wetenschap-achter","status":"publish","type":"page","link":"https:\/\/certifications.brainsfirst.com\/nl\/bronnen\/de-wetenschap-achter\/","title":{"rendered":"De wetenschap achter"},"content":{"rendered":"<div class=\"wpb-content-wrapper\"><p>[vc_row css=&#8221;.vc_custom_1714478812629{margin-top: -80px !important;}&#8221;][vc_column][vc_single_image image=&#8221;2655&#8243; img_size=&#8221;full&#8221;][\/vc_column][\/vc_row][vc_row css=&#8221;.vc_custom_1714478843794{margin-top: 20px !important;}&#8221;][vc_column][vc_column_text]<\/p>\n<h2>Kwaliteit van de NeurOlympics<\/h2>\n<p><span data-sheets-root=\"1\" data-sheets-value=\"{&quot;1&quot;:2,&quot;2&quot;:&quot;Bij BrainsFirst stellen we de kwaliteit en betrouwbaarheid van de NeurOlympics voorop om jou een nauwkeurige beoordeling te bieden en een echte match tussen baan en brein mogelijk te maken. We hanteren de hoogste wetenschappelijke normen en volgen de richtlijnen van de Nederlandse organisatie die verantwoordelijk is voor testkwaliteit (COTAN). Deze toewijding aan kwaliteit wordt bereikt aan de hand van vier belangrijke criteria.&quot;}\" data-sheets-userformat=\"{&quot;2&quot;:31555,&quot;3&quot;:{&quot;1&quot;:0},&quot;4&quot;:{&quot;1&quot;:2,&quot;2&quot;:16448511},&quot;9&quot;:0,&quot;11&quot;:3,&quot;12&quot;:0,&quot;14&quot;:{&quot;1&quot;:2,&quot;2&quot;:2698031},&quot;15&quot;:&quot;\\&quot;Cabinet Grotesk\\&quot;, sans-serif&quot;,&quot;16&quot;:10,&quot;17&quot;:1}\">Bij BrainsFirst stellen we de kwaliteit en betrouwbaarheid van de NeurOlympics voorop om jou een nauwkeurige beoordeling te bieden en een echte match tussen baan en brein mogelijk te maken. We hanteren de hoogste wetenschappelijke normen en volgen de richtlijnen van de Nederlandse organisatie die verantwoordelijk is voor testkwaliteit (COTAN). Deze toewijding aan kwaliteit wordt bereikt aan de hand van vier belangrijke criteria.<\/span>[\/vc_column_text][vc_row_inner][vc_column_inner width=&#8221;3\/5&#8243;][vc_toggle title=&#8221;Criteriumvaliditeit&#8221; style=&#8221;arrow&#8221;]<span data-sheets-root=\"1\" data-sheets-value=\"{&quot;1&quot;:2,&quot;2&quot;:&quot;We streven ernaar dat de games direct verband houden met real-world data. Jouw prestaties op de NeurOlympics moeten overeenkomen met je daadwerkelijke prestaties op de werkplek. Hierdoor zorgen we ervoor dat keuzes die gebaseerd zijn op de beoordeling bijdragen aan de gewenste effici\u00ebntie van medewerkers.&quot;}\" data-sheets-userformat=\"{&quot;2&quot;:15107,&quot;3&quot;:{&quot;1&quot;:0},&quot;4&quot;:{&quot;1&quot;:2,&quot;2&quot;:16448511},&quot;11&quot;:3,&quot;12&quot;:0,&quot;14&quot;:{&quot;1&quot;:2,&quot;2&quot;:4737617},&quot;15&quot;:&quot;Lexend, sans-serif&quot;,&quot;16&quot;:10}\">We streven ernaar dat de games direct verband houden met real-world data. Jouw prestaties op de NeurOlympics moeten overeenkomen met je daadwerkelijke prestaties op de werkplek. Hierdoor zorgen we ervoor dat keuzes die gebaseerd zijn op de beoordeling bijdragen aan de gewenste effici\u00ebntie van medewerkers.<\/span>[\/vc_toggle][vc_toggle title=&#8221;Constructvaliditeit&#8221; style=&#8221;arrow&#8221;]<span data-sheets-root=\"1\" data-sheets-value=\"{&quot;1&quot;:2,&quot;2&quot;:&quot;Om de executieve functies, zoals aandacht en werkgeheugen, goed te meten, zorgen we ervoor dat de games sterk verbonden zijn met de eigenschappen die ze beweren te meten. Deze wetenschappelijke geldigheid zorgt ervoor dat beslissingen op basis van de resultaten van de games objectief zijn en in lijn liggen met de werking van het brein.&quot;}\" data-sheets-userformat=\"{&quot;2&quot;:15107,&quot;3&quot;:{&quot;1&quot;:0},&quot;4&quot;:{&quot;1&quot;:2,&quot;2&quot;:16448511},&quot;11&quot;:3,&quot;12&quot;:0,&quot;14&quot;:{&quot;1&quot;:2,&quot;2&quot;:4737617},&quot;15&quot;:&quot;Lexend, sans-serif&quot;,&quot;16&quot;:10}\">Om de executieve functies, zoals aandacht en werkgeheugen, goed te meten, zorgen we ervoor dat de games sterk verbonden zijn met de eigenschappen die ze beweren te meten. Deze wetenschappelijke geldigheid zorgt ervoor dat beslissingen op basis van de resultaten van de games objectief zijn en in lijn liggen met de werking van het brein.<\/span>[\/vc_toggle][vc_toggle title=&#8221;Concurrente validiteit&#8221; style=&#8221;arrow&#8221;]<span data-sheets-root=\"1\" data-sheets-value=\"{&quot;1&quot;:2,&quot;2&quot;:&quot;Hoewel de NeurOlympics een unieke benadering van talentbeoordeling bieden, zijn ze ontworpen om te relateren aan andere tests die vergelijkbare resultaten meten, zoals IQ-tests. Dit verband zorgt ervoor dat verschillende metingen van hoe het brein werkt met elkaar overeenkomen, wat de algemene geldigheid van de beoordeling versterkt. Maar het is ook belangrijk om te benadrukken dat het zorgen voor eerlijke testomstandigheden cruciaal is, vooral als het gaat om het vergelijken met andere tests en de betrouwbaarheid van de resultaten.&quot;}\" data-sheets-userformat=\"{&quot;2&quot;:15107,&quot;3&quot;:{&quot;1&quot;:0},&quot;4&quot;:{&quot;1&quot;:2,&quot;2&quot;:16448511},&quot;11&quot;:3,&quot;12&quot;:0,&quot;14&quot;:{&quot;1&quot;:2,&quot;2&quot;:4737617},&quot;15&quot;:&quot;Lexend, sans-serif&quot;,&quot;16&quot;:10}\">Hoewel de NeurOlympics een unieke benadering van talentbeoordeling bieden, zijn ze ontworpen om te relateren aan andere tests die vergelijkbare resultaten meten, zoals IQ-tests. Dit verband zorgt ervoor dat verschillende metingen van hoe het brein werkt met elkaar overeenkomen, wat de algemene geldigheid van de beoordeling versterkt. Maar het is ook belangrijk om te benadrukken dat het zorgen voor eerlijke testomstandigheden cruciaal is, vooral als het gaat om het vergelijken met andere tests en de betrouwbaarheid van de resultaten.<\/span>[\/vc_toggle][vc_toggle title=&#8221;Betrouwbaarheid&#8221; style=&#8221;arrow&#8221;]<span data-sheets-root=\"1\" data-sheets-value=\"{&quot;1&quot;:2,&quot;2&quot;:&quot;Om consistentie en nauwkeurigheid te waarborgen, is het cruciaal dat de NeurOlympics bij elke afname vergelijkbare resultaten opleveren. Dit zorgt ervoor dat de uitkomsten werkelijk de werking van je brein weerspiegelen, wat leidt tot weloverwogen beslissingen bij het selecteren van kandidaten.&quot;}\" data-sheets-userformat=\"{&quot;2&quot;:15107,&quot;3&quot;:{&quot;1&quot;:0},&quot;4&quot;:{&quot;1&quot;:2,&quot;2&quot;:16448511},&quot;11&quot;:3,&quot;12&quot;:0,&quot;14&quot;:{&quot;1&quot;:2,&quot;2&quot;:4737617},&quot;15&quot;:&quot;Lexend, sans-serif&quot;,&quot;16&quot;:10}\">Om consistentie en nauwkeurigheid te waarborgen, is het cruciaal dat de NeurOlympics bij elke afname vergelijkbare resultaten opleveren. Dit zorgt ervoor dat de uitkomsten werkelijk de werking van je brein weerspiegelen, wat leidt tot weloverwogen beslissingen bij het selecteren van kandidaten.<\/span>[\/vc_toggle][\/vc_column_inner][vc_column_inner width=&#8221;2\/5&#8243;][vc_single_image image=&#8221;3965&#8243; img_size=&#8221;full&#8221;][\/vc_column_inner][\/vc_row_inner][\/vc_column][\/vc_row][vc_row css=&#8221;.vc_custom_1714479018871{margin-top: 20px !important;}&#8221;][vc_column][vc_row_inner][vc_column_inner width=&#8221;2\/5&#8243;][vc_single_image image=&#8221;2572&#8243; img_size=&#8221;full&#8221;][vc_single_image image=&#8221;2576&#8243; img_size=&#8221;full&#8221;][\/vc_column_inner][vc_column_inner width=&#8221;3\/5&#8243;][vc_column_text]<\/p>\n<h2>Wat is testhygi\u00ebne?<\/h2>\n<p><span data-sheets-root=\"1\" data-sheets-value=\"{&quot;1&quot;:2,&quot;2&quot;:&quot;Heb je opgemerkt dat je verschillende resultaten behaalt wanneer je de NeurOlympics op verschillende momenten speelt? Dit heeft waarschijnlijk te maken met de testomstandigheden. Testhygi\u00ebne verwijst naar hoe de test, in dit geval de NeurOlympics, wordt afgenomen. Het omvat factoren zoals je inzet, prestatie, het opvolgen van instructies, en zelfs externe factoren zoals de testomgeving en het tijdstip waarop je de games speelt. Testhygi\u00ebne heeft direct invloed op je prestaties. Daarom kunnen de resultaten van de games verschillen als je de NeurOlympics meerdere keren speelt en er verschillen waren in de testhygi\u00ebne. Om ervoor te zorgen dat de beoordelingen nauwkeurig zijn en je vaardigheden goed weergeven, is het van cruciaal belang om goede testhygi\u00ebne te handhaven. De eenvoudigste manier om dit te doen, is door de spellen te spelen op het moment waarop je brein op zijn best functioneert, bijvoorbeeld rond 11 uur 's ochtends, in een rustige omgeving.&quot;}\" data-sheets-userformat=\"{&quot;2&quot;:15107,&quot;3&quot;:{&quot;1&quot;:0},&quot;4&quot;:{&quot;1&quot;:2,&quot;2&quot;:16448511},&quot;11&quot;:3,&quot;12&quot;:0,&quot;14&quot;:{&quot;1&quot;:2,&quot;2&quot;:5856617},&quot;15&quot;:&quot;Lexend, sans-serif&quot;,&quot;16&quot;:10}\">Heb je opgemerkt dat je verschillende resultaten behaalt wanneer je de NeurOlympics op verschillende momenten speelt? Dit heeft waarschijnlijk te maken met de testomstandigheden. Testhygi\u00ebne verwijst naar hoe de test, in dit geval de NeurOlympics, wordt afgenomen. Het omvat factoren zoals je inzet, prestatie, het opvolgen van instructies, en zelfs externe factoren zoals de testomgeving en het tijdstip waarop je de games speelt. Testhygi\u00ebne heeft direct invloed op je prestaties. Daarom kunnen de resultaten van de games verschillen als je de NeurOlympics meerdere keren speelt en er verschillen waren in de testhygi\u00ebne. Om ervoor te zorgen dat de beoordelingen nauwkeurig zijn en je vaardigheden goed weergeven, is het van cruciaal belang om goede testhygi\u00ebne te handhaven. De eenvoudigste manier om dit te doen, is door de spellen te spelen op het moment waarop je brein op zijn best functioneert, bijvoorbeeld rond 11 uur &#8216;s ochtends, in een rustige omgeving.<\/span>[\/vc_column_text][\/vc_column_inner][\/vc_row_inner][\/vc_column][\/vc_row][vc_row css=&#8221;.vc_custom_1714478859789{margin-top: 20px !important;}&#8221;][vc_column][vc_column_text]<\/p>\n<h2>Van games naar resultaten<\/h2>\n<p>Je hebt de games gespeeld en je Brein Profiel ontvangen. Maar hoe verhouden deze games zich tot je resultaten?<\/p>\n<p><strong>De games<\/strong> worden gebruikt voor een meting van je cognitieve vermogen, een fundamenteel onderdeel in verschillende gebieden van het leven, inclusief je professionele carri\u00e8re. Ze beoordelen specifieke aspecten van executieve functies, die je in staat stellen om je gedrag te controleren in alledaagse situaties. De NeurOlympics maakt gebruik van een gamified aanpak om deze functies te meten en waardevolle inzichten te geven in hoe jouw brein werkt. Aangezien cognitieve vermogens over het algemeen vrij stabiele eigenschappen zijn, weerspiegelt jouw prestatie in de games, inclusief je reacties en reactietijd, het algemene functioneren van jouw brein, zelfs in werkgerelateerde contexten.<\/p>\n<p><strong>Het Brein Profiel<\/strong> draait om zes stappen in de Gedragscyclus en de bijbehorende Natuurlijke Breinvoorkeuren die jij hebt voor elk van deze stappen. Hoewel de NeurOlympics executieve functies meet die de basis vormen van deze Breinvoorkeuren, is er geen directe \u00e9\u00e9n-op-\u00e9\u00e9n-relatie tussen deze twee. In plaats daarvan vertalen executieve functies zich op unieke wijze naar de manier waarop jouw brein werkt en be\u00efnvloeden ze jouw vaardigheid hierin. Door je bewust te worden van je sterke en zwakke punten op het gebied van executieve functies, kun je beter begrijpen hoe jouw werkstijl in elkaar steekt.<\/p>\n<p>Net zoals elk brein uniek is, geldt dat ook voor elke baan. Door te begrijpen hoe jouw brein functioneert, kan BrainsFirst je helpen een baan te vinden die aansluit bij jouw unieke manier van werken. Deze afstemming zorgt voor een goede match tussen jouw cognitieve vermogens en wat de vereisten voor de functie. Hierdoor kun je meer tevredenheid en succes ervaren in jouw loopbaan.[\/vc_column_text][vc_single_image image=&#8221;1024&#8243; img_size=&#8221;full&#8221; alignment=&#8221;center&#8221;][\/vc_column][\/vc_row]<\/p>\n<\/div>","protected":false},"excerpt":{"rendered":"<p>[vc_row css=&#8221;.vc_custom_1714478812629{margin-top: -80px !important;}&#8221;][vc_column][vc_single_image image=&#8221;2655&#8243; img_size=&#8221;full&#8221;][\/vc_column][\/vc_row][vc_row css=&#8221;.vc_custom_1714478843794{margin-top: 20px !important;}&#8221;][vc_column][vc_column_text] Kwaliteit van de NeurOlympics Bij BrainsFirst stellen we de kwaliteit en betrouwbaarheid van de NeurOlympics voorop om jou een nauwkeurige beoordeling te bieden en een echte match tussen baan en brein mogelijk te maken. We hanteren de hoogste wetenschappelijke normen en volgen de richtlijnen van de [&hellip;]<\/p>\n","protected":false},"author":8,"featured_media":0,"parent":3623,"menu_order":0,"comment_status":"closed","ping_status":"closed","template":"","meta":{"content-type":"","footnotes":""},"acf":[],"yoast_head":"<!-- This site is optimized with the Yoast SEO plugin v22.6 - https:\/\/yoast.com\/wordpress\/plugins\/seo\/ -->\n<title>De wetenschap achter - BrainsFirst<\/title>\n<meta name=\"robots\" content=\"index, follow, max-snippet:-1, max-image-preview:large, max-video-preview:-1\" \/>\n<link rel=\"canonical\" href=\"https:\/\/certifications.brainsfirst.com\/nl\/bronnen\/de-wetenschap-achter\/\" \/>\n<meta property=\"og:locale\" content=\"nl_NL\" \/>\n<meta property=\"og:type\" content=\"article\" \/>\n<meta property=\"og:title\" content=\"De wetenschap achter - BrainsFirst\" \/>\n<meta property=\"og:description\" content=\"[vc_row css=&#8221;.vc_custom_1714478812629{margin-top: -80px !important;}&#8221;][vc_column][vc_single_image image=&#8221;2655&#8243; img_size=&#8221;full&#8221;][\/vc_column][\/vc_row][vc_row css=&#8221;.vc_custom_1714478843794{margin-top: 20px !important;}&#8221;][vc_column][vc_column_text] Kwaliteit van de NeurOlympics Bij BrainsFirst stellen we de kwaliteit en betrouwbaarheid van de NeurOlympics voorop om jou een nauwkeurige beoordeling te bieden en een echte match tussen baan en brein mogelijk te maken. We hanteren de hoogste wetenschappelijke normen en volgen de richtlijnen van de [&hellip;]\" \/>\n<meta property=\"og:url\" content=\"https:\/\/certifications.brainsfirst.com\/nl\/bronnen\/de-wetenschap-achter\/\" \/>\n<meta property=\"og:site_name\" content=\"BrainsFirst\" \/>\n<meta property=\"article:modified_time\" content=\"2024-11-11T18:33:48+00:00\" \/>\n<meta name=\"twitter:card\" content=\"summary_large_image\" \/>\n<meta name=\"twitter:label1\" content=\"Geschatte leestijd\" \/>\n\t<meta name=\"twitter:data1\" content=\"4 minuten\" \/>\n<script type=\"application\/ld+json\" class=\"yoast-schema-graph\">{\"@context\":\"https:\/\/schema.org\",\"@graph\":[{\"@type\":\"WebPage\",\"@id\":\"https:\/\/certifications.brainsfirst.com\/nl\/bronnen\/de-wetenschap-achter\/\",\"url\":\"https:\/\/certifications.brainsfirst.com\/nl\/bronnen\/de-wetenschap-achter\/\",\"name\":\"De wetenschap achter - BrainsFirst\",\"isPartOf\":{\"@id\":\"https:\/\/certifications.brainsfirst.com\/nl\/#website\"},\"datePublished\":\"2023-05-11T12:32:11+00:00\",\"dateModified\":\"2024-11-11T18:33:48+00:00\",\"breadcrumb\":{\"@id\":\"https:\/\/certifications.brainsfirst.com\/nl\/bronnen\/de-wetenschap-achter\/#breadcrumb\"},\"inLanguage\":\"nl-NL\",\"potentialAction\":[{\"@type\":\"ReadAction\",\"target\":[\"https:\/\/certifications.brainsfirst.com\/nl\/bronnen\/de-wetenschap-achter\/\"]}]},{\"@type\":\"BreadcrumbList\",\"@id\":\"https:\/\/certifications.brainsfirst.com\/nl\/bronnen\/de-wetenschap-achter\/#breadcrumb\",\"itemListElement\":[{\"@type\":\"ListItem\",\"position\":1,\"name\":\"Home\",\"item\":\"https:\/\/certifications.brainsfirst.com\/nl\/\"},{\"@type\":\"ListItem\",\"position\":2,\"name\":\"Aanvullende informatie\",\"item\":\"https:\/\/certifications.brainsfirst.com\/nl\/bronnen\/\"},{\"@type\":\"ListItem\",\"position\":3,\"name\":\"De wetenschap achter\"}]},{\"@type\":\"WebSite\",\"@id\":\"https:\/\/certifications.brainsfirst.com\/nl\/#website\",\"url\":\"https:\/\/certifications.brainsfirst.com\/nl\/\",\"name\":\"BrainsFirst\",\"description\":\"\",\"potentialAction\":[{\"@type\":\"SearchAction\",\"target\":{\"@type\":\"EntryPoint\",\"urlTemplate\":\"https:\/\/certifications.brainsfirst.com\/nl\/?s={search_term_string}\"},\"query-input\":\"required name=search_term_string\"}],\"inLanguage\":\"nl-NL\"}]}<\/script>\n<!-- \/ Yoast SEO plugin. -->","yoast_head_json":{"title":"De wetenschap achter - BrainsFirst","robots":{"index":"index","follow":"follow","max-snippet":"max-snippet:-1","max-image-preview":"max-image-preview:large","max-video-preview":"max-video-preview:-1"},"canonical":"https:\/\/certifications.brainsfirst.com\/nl\/bronnen\/de-wetenschap-achter\/","og_locale":"nl_NL","og_type":"article","og_title":"De wetenschap achter - BrainsFirst","og_description":"[vc_row css=&#8221;.vc_custom_1714478812629{margin-top: -80px !important;}&#8221;][vc_column][vc_single_image image=&#8221;2655&#8243; img_size=&#8221;full&#8221;][\/vc_column][\/vc_row][vc_row css=&#8221;.vc_custom_1714478843794{margin-top: 20px !important;}&#8221;][vc_column][vc_column_text] Kwaliteit van de NeurOlympics Bij BrainsFirst stellen we de kwaliteit en betrouwbaarheid van de NeurOlympics voorop om jou een nauwkeurige beoordeling te bieden en een echte match tussen baan en brein mogelijk te maken. We hanteren de hoogste wetenschappelijke normen en volgen de richtlijnen van de [&hellip;]","og_url":"https:\/\/certifications.brainsfirst.com\/nl\/bronnen\/de-wetenschap-achter\/","og_site_name":"BrainsFirst","article_modified_time":"2024-11-11T18:33:48+00:00","twitter_card":"summary_large_image","twitter_misc":{"Geschatte leestijd":"4 minuten"},"schema":{"@context":"https:\/\/schema.org","@graph":[{"@type":"WebPage","@id":"https:\/\/certifications.brainsfirst.com\/nl\/bronnen\/de-wetenschap-achter\/","url":"https:\/\/certifications.brainsfirst.com\/nl\/bronnen\/de-wetenschap-achter\/","name":"De wetenschap achter - BrainsFirst","isPartOf":{"@id":"https:\/\/certifications.brainsfirst.com\/nl\/#website"},"datePublished":"2023-05-11T12:32:11+00:00","dateModified":"2024-11-11T18:33:48+00:00","breadcrumb":{"@id":"https:\/\/certifications.brainsfirst.com\/nl\/bronnen\/de-wetenschap-achter\/#breadcrumb"},"inLanguage":"nl-NL","potentialAction":[{"@type":"ReadAction","target":["https:\/\/certifications.brainsfirst.com\/nl\/bronnen\/de-wetenschap-achter\/"]}]},{"@type":"BreadcrumbList","@id":"https:\/\/certifications.brainsfirst.com\/nl\/bronnen\/de-wetenschap-achter\/#breadcrumb","itemListElement":[{"@type":"ListItem","position":1,"name":"Home","item":"https:\/\/certifications.brainsfirst.com\/nl\/"},{"@type":"ListItem","position":2,"name":"Aanvullende informatie","item":"https:\/\/certifications.brainsfirst.com\/nl\/bronnen\/"},{"@type":"ListItem","position":3,"name":"De wetenschap achter"}]},{"@type":"WebSite","@id":"https:\/\/certifications.brainsfirst.com\/nl\/#website","url":"https:\/\/certifications.brainsfirst.com\/nl\/","name":"BrainsFirst","description":"","potentialAction":[{"@type":"SearchAction","target":{"@type":"EntryPoint","urlTemplate":"https:\/\/certifications.brainsfirst.com\/nl\/?s={search_term_string}"},"query-input":"required name=search_term_string"}],"inLanguage":"nl-NL"}]}},"_links":{"self":[{"href":"https:\/\/certifications.brainsfirst.com\/nl\/wp-json\/wp\/v2\/pages\/3669"}],"collection":[{"href":"https:\/\/certifications.brainsfirst.com\/nl\/wp-json\/wp\/v2\/pages"}],"about":[{"href":"https:\/\/certifications.brainsfirst.com\/nl\/wp-json\/wp\/v2\/types\/page"}],"author":[{"embeddable":true,"href":"https:\/\/certifications.brainsfirst.com\/nl\/wp-json\/wp\/v2\/users\/8"}],"replies":[{"embeddable":true,"href":"https:\/\/certifications.brainsfirst.com\/nl\/wp-json\/wp\/v2\/comments?post=3669"}],"version-history":[{"count":5,"href":"https:\/\/certifications.brainsfirst.com\/nl\/wp-json\/wp\/v2\/pages\/3669\/revisions"}],"predecessor-version":[{"id":7445,"href":"https:\/\/certifications.brainsfirst.com\/nl\/wp-json\/wp\/v2\/pages\/3669\/revisions\/7445"}],"up":[{"embeddable":true,"href":"https:\/\/certifications.brainsfirst.com\/nl\/wp-json\/wp\/v2\/pages\/3623"}],"wp:attachment":[{"href":"https:\/\/certifications.brainsfirst.com\/nl\/wp-json\/wp\/v2\/media?parent=3669"}],"curies":[{"name":"wp","href":"https:\/\/api.w.org\/{rel}","templated":true}]}}